{"id":1884,"date":"2022-03-28T17:25:32","date_gmt":"2022-03-28T15:25:32","guid":{"rendered":"https:\/\/lousanches.com\/?post_type=product&#038;p=1884"},"modified":"2024-01-27T14:50:18","modified_gmt":"2024-01-27T13:50:18","slug":"sunshine-clean","status":"publish","type":"product","link":"https:\/\/lousanches.com\/?product=sunshine-clean","title":{"rendered":"Sunshine Clean"},"content":{"rendered":"<p>Formul\u00e9 \u00e0 98,6 % d\u2019origine naturelle, le shampooing Sunshine Clean traite les probl\u00e8mes li\u00e9s aux cuirs chevelus sensibles gr\u00e2ce \u00e0 ses agents dermo-apaisants, purifiants qui r\u00e9\u00e9quilibrent le pH.<br \/>\nSa douce odeur \u00e0 la grenade rend votre routine capillaire ensoleill\u00e9e !<br \/>\nLa routine de lavage devient un pur moment de bonheur.<br \/>\nIl convient aux cheveux ondul\u00e9s, boucl\u00e9s, fris\u00e9s, cr\u00e9pus.<\/p>\n<ul>\n<li>La base lavante \u00e0 la coco combin\u00e9e \u00e0 la glyc\u00e9rine v\u00e9g\u00e9tale apporte de l&rsquo;hydratation, pr\u00e9pare au d\u00e9m\u00ealage et dessine vos boucles.<\/li>\n<li>Le panth\u00e9nol B5 est un actif fortifiant et r\u00e9parateur. Il rend les cheveux brillants, souples et faciles \u00e0 coiffer.<\/li>\n<li>L\u2019huile essentielle de citron r\u00e9gule le s\u00e9bum, apaise et assainit le cuir chevelu.<\/li>\n<li>L\u2019actif anti pelliculaire aux acides amin\u00e9s est \u00e0 la fois dermo-apaisant, dermo-purifiant et dermo-protecteur.<\/li>\n<\/ul>\n","protected":false},"excerpt":{"rendered":"<p>Gr\u00e2ce \u00e0 l&rsquo;action purifiante de son huile essentielle de citron, il est particuli\u00e8rement recommand\u00e9 aux personnes sujettes aux d\u00e9mangeaisons, pellicules et cuirs chevelus sensibles.<\/p>\n","protected":false},"featured_media":1885,"comment_status":"open","ping_status":"closed","template":"","meta":{"content-type":"","site-sidebar-layout":"default","site-content-layout":"default","ast-site-content-layout":"default","site-content-style":"default","site-sidebar-style":"default","ast-global-header-display":"","ast-banner-title-visibility":"","ast-main-header-display":"","ast-hfb-above-header-display":"","ast-hfb-below-header-display":"","ast-hfb-mobile-header-display":"","site-post-title":"","ast-breadcrumbs-content":"","ast-featured-img":"","footer-sml-layout":"","theme-transparent-header-meta":"default","adv-header-id-meta":"","stick-header-meta":"","header-above-stick-meta":"","header-main-stick-meta":"","header-below-stick-meta":"","astra-migrate-meta-layouts":"set","ast-page-background-enabled":"default","ast-page-background-meta":{"desktop":{"background-color":"var(--ast-global-color-4)","background-image":"","background-repeat":"repeat","background-position":"center center","background-size":"auto","background-attachment":"scroll","background-type":"","background-media":"","overlay-type":"","overlay-color":"","overlay-opacity":"","overlay-gradient":""},"tablet":{"background-color":"","background-image":"","background-repeat":"repeat","background-position":"center center","background-size":"auto","background-attachment":"scroll","background-type":"","background-media":"","overlay-type":"","overlay-color":"","overlay-opacity":"","overlay-gradient":""},"mobile":{"background-color":"","background-image":"","background-repeat":"repeat","background-position":"center center","background-size":"auto","background-attachment":"scroll","background-type":"","background-media":"","overlay-type":"","overlay-color":"","overlay-opacity":"","overlay-gradient":""}},"ast-content-background-meta":{"desktop":{"background-color":"var(--ast-global-color-5)","background-image":"","background-repeat":"repeat","background-position":"center center","background-size":"auto","background-attachment":"scroll","background-type":"","background-media":"","overlay-type":"","overlay-color":"","overlay-opacity":"","overlay-gradient":""},"tablet":{"background-color":"var(--ast-global-color-5)","background-image":"","background-repeat":"repeat","background-position":"center center","background-size":"auto","background-attachment":"scroll","background-type":"","background-media":"","overlay-type":"","overlay-color":"","overlay-opacity":"","overlay-gradient":""},"mobile":{"background-color":"var(--ast-global-color-5)","background-image":"","background-repeat":"repeat","background-position":"center center","background-size":"auto","background-attachment":"scroll","background-type":"","background-media":"","overlay-type":"","overlay-color":"","overlay-opacity":"","overlay-gradient":""}}},"product_brand":[],"product_cat":[64],"product_tag":[60],"class_list":{"0":"post-1884","1":"product","2":"type-product","3":"status-publish","4":"has-post-thumbnail","6":"product_cat-les-secrets-de-loly","7":"product_tag-shampoing","8":"desktop-align-left","9":"tablet-align-left","10":"mobile-align-left","12":"first","13":"outofstock","14":"shipping-taxable","15":"purchasable","16":"product-type-simple"},"_links":{"self":[{"href":"https:\/\/lousanches.com\/index.php?rest_route=\/wp\/v2\/product\/1884","targetHints":{"allow":["GET"]}}],"collection":[{"href":"https:\/\/lousanches.com\/index.php?rest_route=\/wp\/v2\/product"}],"about":[{"href":"https:\/\/lousanches.com\/index.php?rest_route=\/wp\/v2\/types\/product"}],"replies":[{"embeddable":true,"href":"https:\/\/lousanches.com\/index.php?rest_route=%2Fwp%2Fv2%2Fcomments&post=1884"}],"wp:featuredmedia":[{"embeddable":true,"href":"https:\/\/lousanches.com\/index.php?rest_route=\/wp\/v2\/media\/1885"}],"wp:attachment":[{"href":"https:\/\/lousanches.com\/index.php?rest_route=%2Fwp%2Fv2%2Fmedia&parent=1884"}],"wp:term":[{"taxonomy":"product_brand","embeddable":true,"href":"https:\/\/lousanches.com\/index.php?rest_route=%2Fwp%2Fv2%2Fproduct_brand&post=1884"},{"taxonomy":"product_cat","embeddable":true,"href":"https:\/\/lousanches.com\/index.php?rest_route=%2Fwp%2Fv2%2Fproduct_cat&post=1884"},{"taxonomy":"product_tag","embeddable":true,"href":"https:\/\/lousanches.com\/index.php?rest_route=%2Fwp%2Fv2%2Fproduct_tag&post=1884"}],"curies":[{"name":"wp","href":"https:\/\/api.w.org\/{rel}","templated":true}]}}