{"id":1870,"date":"2022-03-28T16:53:50","date_gmt":"2022-03-28T14:53:50","guid":{"rendered":"https:\/\/lousanches.com\/?post_type=product&#038;p=1870"},"modified":"2022-03-28T16:54:15","modified_gmt":"2022-03-28T14:54:15","slug":"pink-paradise","status":"publish","type":"product","link":"https:\/\/lousanches.com\/?product=pink-paradise","title":{"rendered":"Pink Paradise"},"content":{"rendered":"<p>Formul\u00e9 \u00e0 99,2 % d\u2019origine naturelle, l\u2019apr\u00e8s-shampooing Pink Paradise est une pure merveille pour d\u00e9m\u00ealer et nourrir intens\u00e9ment vos cheveux.<br \/>\nIl contient une synergie d\u2019huiles d\u2019amande douce et de jojoba qui fortifie, adoucit et r\u00e9pare la fibre capillaire. C\u2019est le moment id\u00e9al pour d\u00e9m\u00ealer en douceur vos cheveux aux doigts ou \u00e0 la brosse. Sa douce odeur de pamplemousse rose \u00e9veillera vos sens.<br \/>\nCet apr\u00e8s-shampooing convient aux cheveux ondul\u00e9s, boucl\u00e9s, fris\u00e9s, cr\u00e9pus.<\/p>\n<ul>\n<li>L\u2019huile v\u00e9g\u00e9tale de jojoba revitalise et fait briller les longueurs.<\/li>\n<li>L\u2019huile v\u00e9g\u00e9tale d\u2019amande douce adoucit et facilite le d\u00e9m\u00ealage.<\/li>\n<li>L&rsquo;aloe vera apporte toute l\u2019hydratation n\u00e9cessaire aux cheveux.<\/li>\n<li>La provitamine B5 est un actif fortifiant, gainant et r\u00e9parateur. Il rend les cheveux brillants, souples et faciles \u00e0 coiffer.<\/li>\n<li>La glyc\u00e9rine permet de retenir l\u2019hydratation dans la fibre capillaire.<\/li>\n<\/ul>\n","protected":false},"excerpt":{"rendered":"<p>Ce soin d\u00e9m\u00ealant enrichi en huiles v\u00e9g\u00e9tales et essentielles rendra vos cheveux doux et soyeux. Vos longueurs seront ainsi plus faciles \u00e0 coiffer. Particuli\u00e8rement bien adapt\u00e9 pour les cheveux longs, boucl\u00e9s, cr\u00e9pus et difficiles \u00e0 d\u00e9m\u00ealer. Il contient une synergie d\u2019huiles d\u2019amande douce et de jojoba qui fortifie, adoucit et r\u00e9pare la fibre capillaire.<\/p>\n","protected":false},"featured_media":1871,"comment_status":"open","ping_status":"closed","template":"","meta":{"content-type":"","site-sidebar-layout":"default","site-content-layout":"default","ast-site-content-layout":"default","site-content-style":"default","site-sidebar-style":"default","ast-global-header-display":"","ast-banner-title-visibility":"","ast-main-header-display":"","ast-hfb-above-header-display":"","ast-hfb-below-header-display":"","ast-hfb-mobile-header-display":"","site-post-title":"","ast-breadcrumbs-content":"","ast-featured-img":"","footer-sml-layout":"","theme-transparent-header-meta":"","adv-header-id-meta":"","stick-header-meta":"","header-above-stick-meta":"","header-main-stick-meta":"","header-below-stick-meta":"","astra-migrate-meta-layouts":"default","ast-page-background-enabled":"default","ast-page-background-meta":{"desktop":{"background-color":"var(--ast-global-color-4)","background-image":"","background-repeat":"repeat","background-position":"center center","background-size":"auto","background-attachment":"scroll","background-type":"","background-media":"","overlay-type":"","overlay-color":"","overlay-opacity":"","overlay-gradient":""},"tablet":{"background-color":"","background-image":"","background-repeat":"repeat","background-position":"center center","background-size":"auto","background-attachment":"scroll","background-type":"","background-media":"","overlay-type":"","overlay-color":"","overlay-opacity":"","overlay-gradient":""},"mobile":{"background-color":"","background-image":"","background-repeat":"repeat","background-position":"center center","background-size":"auto","background-attachment":"scroll","background-type":"","background-media":"","overlay-type":"","overlay-color":"","overlay-opacity":"","overlay-gradient":""}},"ast-content-background-meta":{"desktop":{"background-color":"var(--ast-global-color-5)","background-image":"","background-repeat":"repeat","background-position":"center center","background-size":"auto","background-attachment":"scroll","background-type":"","background-media":"","overlay-type":"","overlay-color":"","overlay-opacity":"","overlay-gradient":""},"tablet":{"background-color":"var(--ast-global-color-5)","background-image":"","background-repeat":"repeat","background-position":"center center","background-size":"auto","background-attachment":"scroll","background-type":"","background-media":"","overlay-type":"","overlay-color":"","overlay-opacity":"","overlay-gradient":""},"mobile":{"background-color":"var(--ast-global-color-5)","background-image":"","background-repeat":"repeat","background-position":"center center","background-size":"auto","background-attachment":"scroll","background-type":"","background-media":"","overlay-type":"","overlay-color":"","overlay-opacity":"","overlay-gradient":""}}},"product_brand":[],"product_cat":[64],"product_tag":[57],"class_list":{"0":"post-1870","1":"product","2":"type-product","3":"status-publish","4":"has-post-thumbnail","6":"product_cat-les-secrets-de-loly","7":"product_tag-conditionner","8":"desktop-align-left","9":"tablet-align-left","10":"mobile-align-left","12":"first","13":"instock","14":"shipping-taxable","15":"purchasable","16":"product-type-simple"},"_links":{"self":[{"href":"https:\/\/lousanches.com\/index.php?rest_route=\/wp\/v2\/product\/1870","targetHints":{"allow":["GET"]}}],"collection":[{"href":"https:\/\/lousanches.com\/index.php?rest_route=\/wp\/v2\/product"}],"about":[{"href":"https:\/\/lousanches.com\/index.php?rest_route=\/wp\/v2\/types\/product"}],"replies":[{"embeddable":true,"href":"https:\/\/lousanches.com\/index.php?rest_route=%2Fwp%2Fv2%2Fcomments&post=1870"}],"wp:featuredmedia":[{"embeddable":true,"href":"https:\/\/lousanches.com\/index.php?rest_route=\/wp\/v2\/media\/1871"}],"wp:attachment":[{"href":"https:\/\/lousanches.com\/index.php?rest_route=%2Fwp%2Fv2%2Fmedia&parent=1870"}],"wp:term":[{"taxonomy":"product_brand","embeddable":true,"href":"https:\/\/lousanches.com\/index.php?rest_route=%2Fwp%2Fv2%2Fproduct_brand&post=1870"},{"taxonomy":"product_cat","embeddable":true,"href":"https:\/\/lousanches.com\/index.php?rest_route=%2Fwp%2Fv2%2Fproduct_cat&post=1870"},{"taxonomy":"product_tag","embeddable":true,"href":"https:\/\/lousanches.com\/index.php?rest_route=%2Fwp%2Fv2%2Fproduct_tag&post=1870"}],"curies":[{"name":"wp","href":"https:\/\/api.w.org\/{rel}","templated":true}]}}