{"id":1862,"date":"2022-03-28T16:45:45","date_gmt":"2022-03-28T14:45:45","guid":{"rendered":"https:\/\/lousanches.com\/?post_type=product&#038;p=1862"},"modified":"2022-03-28T16:45:45","modified_gmt":"2022-03-28T14:45:45","slug":"magic-twist","status":"publish","type":"product","link":"https:\/\/lousanches.com\/?product=magic-twist","title":{"rendered":"Magic Twist"},"content":{"rendered":"<p>La cr\u00e8me Magic Twist est l\u2019un des produits les plus nourrissants de la gamme. Cette cr\u00e8me \u00e0 la texture d\u2019un beurre va nourrir intens\u00e9ment vos cheveux. Avec son cocktail d\u2019huiles de soja, de macadamia et d\u2019amande douce la Magic Twist a un r\u00e9el pouvoir nutritif et adoucissant et ne laissera aucun fini gras. Effectuez vos vanilles, vos tresses, votre braid out ou votre twist out avec, elle vous aidera \u00e0 obtenir une belle d\u00e9finition. Vous pouvez aussi l\u2019utiliser pour nourrir sans r\u00e9aliser de coiffure protectrice. Convient aux cheveux tr\u00e8s fris\u00e9s et cr\u00e9pus.<\/p>\n<ul>\n<li>L\u2019huile de soja adoucit et fait briller les cheveux.<\/li>\n<li>L\u2019huile de macadamia bio nourrit et prot\u00e8ge les cheveux.<\/li>\n<li>L\u2019huile d\u2019amande douce assouplit et facilite le coiffage.<\/li>\n<li>Le lait d\u2019amande hydrate et r\u00e9pare.<\/li>\n<\/ul>\n","protected":false},"excerpt":{"rendered":"<p>Cette Butter Cream coiffante est riche en huiles et donc ultra nourrissante. Elle est id\u00e9ale pour les coiffures des petits mais aussi des grands ! Elle permet de d\u00e9finir toutes les coiffures : vanilles, twist out, braid out, finger coils.<\/p>\n","protected":false},"featured_media":1863,"comment_status":"open","ping_status":"closed","template":"","meta":{"content-type":"","site-sidebar-layout":"default","site-content-layout":"default","ast-site-content-layout":"default","site-content-style":"default","site-sidebar-style":"default","ast-global-header-display":"","ast-banner-title-visibility":"","ast-main-header-display":"","ast-hfb-above-header-display":"","ast-hfb-below-header-display":"","ast-hfb-mobile-header-display":"","site-post-title":"","ast-breadcrumbs-content":"","ast-featured-img":"","footer-sml-layout":"","theme-transparent-header-meta":"","adv-header-id-meta":"","stick-header-meta":"","header-above-stick-meta":"","header-main-stick-meta":"","header-below-stick-meta":"","astra-migrate-meta-layouts":"default","ast-page-background-enabled":"default","ast-page-background-meta":{"desktop":{"background-color":"var(--ast-global-color-4)","background-image":"","background-repeat":"repeat","background-position":"center center","background-size":"auto","background-attachment":"scroll","background-type":"","background-media":"","overlay-type":"","overlay-color":"","overlay-opacity":"","overlay-gradient":""},"tablet":{"background-color":"","background-image":"","background-repeat":"repeat","background-position":"center center","background-size":"auto","background-attachment":"scroll","background-type":"","background-media":"","overlay-type":"","overlay-color":"","overlay-opacity":"","overlay-gradient":""},"mobile":{"background-color":"","background-image":"","background-repeat":"repeat","background-position":"center center","background-size":"auto","background-attachment":"scroll","background-type":"","background-media":"","overlay-type":"","overlay-color":"","overlay-opacity":"","overlay-gradient":""}},"ast-content-background-meta":{"desktop":{"background-color":"var(--ast-global-color-5)","background-image":"","background-repeat":"repeat","background-position":"center center","background-size":"auto","background-attachment":"scroll","background-type":"","background-media":"","overlay-type":"","overlay-color":"","overlay-opacity":"","overlay-gradient":""},"tablet":{"background-color":"var(--ast-global-color-5)","background-image":"","background-repeat":"repeat","background-position":"center center","background-size":"auto","background-attachment":"scroll","background-type":"","background-media":"","overlay-type":"","overlay-color":"","overlay-opacity":"","overlay-gradient":""},"mobile":{"background-color":"var(--ast-global-color-5)","background-image":"","background-repeat":"repeat","background-position":"center center","background-size":"auto","background-attachment":"scroll","background-type":"","background-media":"","overlay-type":"","overlay-color":"","overlay-opacity":"","overlay-gradient":""}}},"product_brand":[],"product_cat":[64],"product_tag":[],"class_list":{"0":"post-1862","1":"product","2":"type-product","3":"status-publish","4":"has-post-thumbnail","6":"product_cat-les-secrets-de-loly","7":"desktop-align-left","8":"tablet-align-left","9":"mobile-align-left","11":"first","12":"instock","13":"shipping-taxable","14":"purchasable","15":"product-type-simple"},"_links":{"self":[{"href":"https:\/\/lousanches.com\/index.php?rest_route=\/wp\/v2\/product\/1862","targetHints":{"allow":["GET"]}}],"collection":[{"href":"https:\/\/lousanches.com\/index.php?rest_route=\/wp\/v2\/product"}],"about":[{"href":"https:\/\/lousanches.com\/index.php?rest_route=\/wp\/v2\/types\/product"}],"replies":[{"embeddable":true,"href":"https:\/\/lousanches.com\/index.php?rest_route=%2Fwp%2Fv2%2Fcomments&post=1862"}],"wp:featuredmedia":[{"embeddable":true,"href":"https:\/\/lousanches.com\/index.php?rest_route=\/wp\/v2\/media\/1863"}],"wp:attachment":[{"href":"https:\/\/lousanches.com\/index.php?rest_route=%2Fwp%2Fv2%2Fmedia&parent=1862"}],"wp:term":[{"taxonomy":"product_brand","embeddable":true,"href":"https:\/\/lousanches.com\/index.php?rest_route=%2Fwp%2Fv2%2Fproduct_brand&post=1862"},{"taxonomy":"product_cat","embeddable":true,"href":"https:\/\/lousanches.com\/index.php?rest_route=%2Fwp%2Fv2%2Fproduct_cat&post=1862"},{"taxonomy":"product_tag","embeddable":true,"href":"https:\/\/lousanches.com\/index.php?rest_route=%2Fwp%2Fv2%2Fproduct_tag&post=1862"}],"curies":[{"name":"wp","href":"https:\/\/api.w.org\/{rel}","templated":true}]}}