{"id":1860,"date":"2022-03-28T16:41:59","date_gmt":"2022-03-28T14:41:59","guid":{"rendered":"https:\/\/lousanches.com\/?post_type=product&#038;p=1860"},"modified":"2024-08-13T16:56:40","modified_gmt":"2024-08-13T14:56:40","slug":"kurl-nectar","status":"publish","type":"product","link":"https:\/\/lousanches.com\/?product=kurl-nectar","title":{"rendered":"Kurl Nectar"},"content":{"rendered":"<p>Formul\u00e9 \u00e0 99,2 % d\u2019origine naturelle, le Kurl Nectar est un leave-in sans rin\u00e7age compos\u00e9 de 10 actifs survitamin\u00e9s. Une base compl\u00e8te : d\u00e9m\u00ealante, nourrissante, r\u00e9paratrice qui prot\u00e8ge contre les facteurs environnementaux (la s\u00e9cheresse, l&rsquo;humidit\u00e9, la chaleur des outils de coiffage) sans alourdir et emp\u00eache les frisottis. Il redessine parfaitement les boucles. Son d\u00e9licieux parfum fruit\u00e9 et gourmand rendra votre routine de coiffage agr\u00e9able. Il convient \u00e0 tout type de cheveux textur\u00e9s (ondul\u00e9s, boucl\u00e9s, fris\u00e9s, cr\u00e9pus).<\/p>\n","protected":false},"excerpt":{"rendered":"<p>Notre leave-in Kurl Nectar est un soin \u00e0 base d\u2019agents humectants, hydratants, nourrissants, r\u00e9parateurs, d\u00e9m\u00ealants et restructurants.<br \/>\nAdapt\u00e9 \u00e0 tous types de cheveux textur\u00e9s, nous avons concentr\u00e9 en une formule le TOP 10 des actifs capillaires : Aloe Vera, Miel, Glyc\u00e9rine, Algues Marines, Beurre de Cacao, Beurre de Cupua\u00e7u, Th\u00e9 vert, Ricin, Soja et Provitamine B5.<\/p>\n","protected":false},"featured_media":1861,"comment_status":"open","ping_status":"closed","template":"","meta":{"content-type":"","site-sidebar-layout":"default","site-content-layout":"default","ast-site-content-layout":"default","site-content-style":"default","site-sidebar-style":"default","ast-global-header-display":"","ast-banner-title-visibility":"","ast-main-header-display":"","ast-hfb-above-header-display":"","ast-hfb-below-header-display":"","ast-hfb-mobile-header-display":"","site-post-title":"","ast-breadcrumbs-content":"","ast-featured-img":"","footer-sml-layout":"","theme-transparent-header-meta":"","adv-header-id-meta":"","stick-header-meta":"","header-above-stick-meta":"","header-main-stick-meta":"","header-below-stick-meta":"","astra-migrate-meta-layouts":"default","ast-page-background-enabled":"default","ast-page-background-meta":{"desktop":{"background-color":"var(--ast-global-color-4)","background-image":"","background-repeat":"repeat","background-position":"center center","background-size":"auto","background-attachment":"scroll","background-type":"","background-media":"","overlay-type":"","overlay-color":"","overlay-opacity":"","overlay-gradient":""},"tablet":{"background-color":"","background-image":"","background-repeat":"repeat","background-position":"center center","background-size":"auto","background-attachment":"scroll","background-type":"","background-media":"","overlay-type":"","overlay-color":"","overlay-opacity":"","overlay-gradient":""},"mobile":{"background-color":"","background-image":"","background-repeat":"repeat","background-position":"center center","background-size":"auto","background-attachment":"scroll","background-type":"","background-media":"","overlay-type":"","overlay-color":"","overlay-opacity":"","overlay-gradient":""}},"ast-content-background-meta":{"desktop":{"background-color":"var(--ast-global-color-5)","background-image":"","background-repeat":"repeat","background-position":"center center","background-size":"auto","background-attachment":"scroll","background-type":"","background-media":"","overlay-type":"","overlay-color":"","overlay-opacity":"","overlay-gradient":""},"tablet":{"background-color":"var(--ast-global-color-5)","background-image":"","background-repeat":"repeat","background-position":"center center","background-size":"auto","background-attachment":"scroll","background-type":"","background-media":"","overlay-type":"","overlay-color":"","overlay-opacity":"","overlay-gradient":""},"mobile":{"background-color":"var(--ast-global-color-5)","background-image":"","background-repeat":"repeat","background-position":"center center","background-size":"auto","background-attachment":"scroll","background-type":"","background-media":"","overlay-type":"","overlay-color":"","overlay-opacity":"","overlay-gradient":""}}},"product_brand":[],"product_cat":[64],"product_tag":[61],"class_list":{"0":"post-1860","1":"product","2":"type-product","3":"status-publish","4":"has-post-thumbnail","6":"product_cat-les-secrets-de-loly","7":"product_tag-soins","8":"desktop-align-left","9":"tablet-align-left","10":"mobile-align-left","12":"first","13":"outofstock","14":"shipping-taxable","15":"purchasable","16":"product-type-simple"},"_links":{"self":[{"href":"https:\/\/lousanches.com\/index.php?rest_route=\/wp\/v2\/product\/1860","targetHints":{"allow":["GET"]}}],"collection":[{"href":"https:\/\/lousanches.com\/index.php?rest_route=\/wp\/v2\/product"}],"about":[{"href":"https:\/\/lousanches.com\/index.php?rest_route=\/wp\/v2\/types\/product"}],"replies":[{"embeddable":true,"href":"https:\/\/lousanches.com\/index.php?rest_route=%2Fwp%2Fv2%2Fcomments&post=1860"}],"wp:featuredmedia":[{"embeddable":true,"href":"https:\/\/lousanches.com\/index.php?rest_route=\/wp\/v2\/media\/1861"}],"wp:attachment":[{"href":"https:\/\/lousanches.com\/index.php?rest_route=%2Fwp%2Fv2%2Fmedia&parent=1860"}],"wp:term":[{"taxonomy":"product_brand","embeddable":true,"href":"https:\/\/lousanches.com\/index.php?rest_route=%2Fwp%2Fv2%2Fproduct_brand&post=1860"},{"taxonomy":"product_cat","embeddable":true,"href":"https:\/\/lousanches.com\/index.php?rest_route=%2Fwp%2Fv2%2Fproduct_cat&post=1860"},{"taxonomy":"product_tag","embeddable":true,"href":"https:\/\/lousanches.com\/index.php?rest_route=%2Fwp%2Fv2%2Fproduct_tag&post=1860"}],"curies":[{"name":"wp","href":"https:\/\/api.w.org\/{rel}","templated":true}]}}