{"id":1858,"date":"2022-03-28T16:37:36","date_gmt":"2022-03-28T14:37:36","guid":{"rendered":"https:\/\/lousanches.com\/?post_type=product&#038;p=1858"},"modified":"2024-08-13T16:43:55","modified_gmt":"2024-08-13T14:43:55","slug":"cocktail-curl-remedy","status":"publish","type":"product","link":"https:\/\/lousanches.com\/?product=cocktail-curl-remedy","title":{"rendered":"Cocktail Curl Remedy"},"content":{"rendered":"<p>Formul\u00e9 \u00e0 98,4 % d\u2019origine v\u00e9g\u00e9tale, le Cocktail Curl Remedy est le produit le plus technique de la gamme. V\u00e9ritable cocktail hydratant et r\u00e9parateur \u00e0 base de beurre de mangue, de k\u00e9ratine pure, d\u2019huile v\u00e9g\u00e9tale de framboise et d\u2019aloe vera, ce spray permet de sceller les fourches afin de pr\u00e9server vos longueurs tout en les hydratant. Il r\u00e9pare instantan\u00e9ment les pointes ab\u00eem\u00e9es et permet d\u2019espacer la coupe gr\u00e2ce au proc\u00e9d\u00e9 d\u2019encapsulation. Il convient aux cheveux naturels, color\u00e9s, ou en transition. Il prot\u00e8ge \u00e9galement les cheveux des rayons UV.<\/p>\n<ul>\n<li>La k\u00e9ratine pure et le beurre de mangue scellent et r\u00e9parent les fourches.<\/li>\n<li>L\u2019huile v\u00e9g\u00e9tale de framboise est anti-oxydante et nourrissante.<\/li>\n<li>L\u2019aloe vera hydrate et nourrit la fibre capillaire.<\/li>\n<\/ul>\n","protected":false},"excerpt":{"rendered":"<p>Le rem\u00e8de anti-fourche ! Un soin quotidien au parfum de framboise et de pivoine con\u00e7u pour les cheveux ab\u00eem\u00e9s, color\u00e9s, d\u00e9color\u00e9s, secs ou fourchus. Il apporte plus de douceur et d&rsquo;hydratation. Les cheveux deviennent plus faciles \u00e0 manipuler : comme apr\u00e8s une nouvelle coupe !<\/p>\n","protected":false},"featured_media":1859,"comment_status":"open","ping_status":"closed","template":"","meta":{"content-type":"","site-sidebar-layout":"default","site-content-layout":"default","ast-site-content-layout":"default","site-content-style":"default","site-sidebar-style":"default","ast-global-header-display":"","ast-banner-title-visibility":"","ast-main-header-display":"","ast-hfb-above-header-display":"","ast-hfb-below-header-display":"","ast-hfb-mobile-header-display":"","site-post-title":"","ast-breadcrumbs-content":"","ast-featured-img":"","footer-sml-layout":"","theme-transparent-header-meta":"","adv-header-id-meta":"","stick-header-meta":"","header-above-stick-meta":"","header-main-stick-meta":"","header-below-stick-meta":"","astra-migrate-meta-layouts":"default","ast-page-background-enabled":"default","ast-page-background-meta":{"desktop":{"background-color":"var(--ast-global-color-4)","background-image":"","background-repeat":"repeat","background-position":"center center","background-size":"auto","background-attachment":"scroll","background-type":"","background-media":"","overlay-type":"","overlay-color":"","overlay-opacity":"","overlay-gradient":""},"tablet":{"background-color":"","background-image":"","background-repeat":"repeat","background-position":"center center","background-size":"auto","background-attachment":"scroll","background-type":"","background-media":"","overlay-type":"","overlay-color":"","overlay-opacity":"","overlay-gradient":""},"mobile":{"background-color":"","background-image":"","background-repeat":"repeat","background-position":"center center","background-size":"auto","background-attachment":"scroll","background-type":"","background-media":"","overlay-type":"","overlay-color":"","overlay-opacity":"","overlay-gradient":""}},"ast-content-background-meta":{"desktop":{"background-color":"var(--ast-global-color-5)","background-image":"","background-repeat":"repeat","background-position":"center center","background-size":"auto","background-attachment":"scroll","background-type":"","background-media":"","overlay-type":"","overlay-color":"","overlay-opacity":"","overlay-gradient":""},"tablet":{"background-color":"var(--ast-global-color-5)","background-image":"","background-repeat":"repeat","background-position":"center center","background-size":"auto","background-attachment":"scroll","background-type":"","background-media":"","overlay-type":"","overlay-color":"","overlay-opacity":"","overlay-gradient":""},"mobile":{"background-color":"var(--ast-global-color-5)","background-image":"","background-repeat":"repeat","background-position":"center center","background-size":"auto","background-attachment":"scroll","background-type":"","background-media":"","overlay-type":"","overlay-color":"","overlay-opacity":"","overlay-gradient":""}}},"product_brand":[],"product_cat":[64],"product_tag":[61],"class_list":{"0":"post-1858","1":"product","2":"type-product","3":"status-publish","4":"has-post-thumbnail","6":"product_cat-les-secrets-de-loly","7":"product_tag-soins","8":"desktop-align-left","9":"tablet-align-left","10":"mobile-align-left","12":"first","13":"outofstock","14":"shipping-taxable","15":"purchasable","16":"product-type-simple"},"_links":{"self":[{"href":"https:\/\/lousanches.com\/index.php?rest_route=\/wp\/v2\/product\/1858","targetHints":{"allow":["GET"]}}],"collection":[{"href":"https:\/\/lousanches.com\/index.php?rest_route=\/wp\/v2\/product"}],"about":[{"href":"https:\/\/lousanches.com\/index.php?rest_route=\/wp\/v2\/types\/product"}],"replies":[{"embeddable":true,"href":"https:\/\/lousanches.com\/index.php?rest_route=%2Fwp%2Fv2%2Fcomments&post=1858"}],"wp:featuredmedia":[{"embeddable":true,"href":"https:\/\/lousanches.com\/index.php?rest_route=\/wp\/v2\/media\/1859"}],"wp:attachment":[{"href":"https:\/\/lousanches.com\/index.php?rest_route=%2Fwp%2Fv2%2Fmedia&parent=1858"}],"wp:term":[{"taxonomy":"product_brand","embeddable":true,"href":"https:\/\/lousanches.com\/index.php?rest_route=%2Fwp%2Fv2%2Fproduct_brand&post=1858"},{"taxonomy":"product_cat","embeddable":true,"href":"https:\/\/lousanches.com\/index.php?rest_route=%2Fwp%2Fv2%2Fproduct_cat&post=1858"},{"taxonomy":"product_tag","embeddable":true,"href":"https:\/\/lousanches.com\/index.php?rest_route=%2Fwp%2Fv2%2Fproduct_tag&post=1858"}],"curies":[{"name":"wp","href":"https:\/\/api.w.org\/{rel}","templated":true}]}}