{"id":1846,"date":"2022-03-28T16:15:46","date_gmt":"2022-03-28T14:15:46","guid":{"rendered":"https:\/\/lousanches.com\/?post_type=product&#038;p=1846"},"modified":"2024-08-13T16:35:31","modified_gmt":"2024-08-13T14:35:31","slug":"bubble-dream","status":"publish","type":"product","link":"https:\/\/lousanches.com\/?product=bubble-dream","title":{"rendered":"Bubble Dream"},"content":{"rendered":"<p>Formul\u00e9 \u00e0 98,6 % d\u2019origine naturelle, le shampooing extra-doux Bubble Dream est id\u00e9al pour les tout-petits.<br \/>\nEnrichi en actifs v\u00e9g\u00e9taux \u00e0 base de pommes et d\u2019actifs hydratants issus du lait d\u2019amande douce, il assoupit et red\u00e9finit la boucle avec une mousse onctueuse et abondante.<br \/>\nIl nettoie d\u00e9licatement les cheveux des enfants \u00e0 textures et convient aux cheveux ondul\u00e9s, boucl\u00e9s, fris\u00e9s, cr\u00e9pus.<br \/>\nD\u00e8s 18 mois (les adultes peuvent \u00e9galement l\u2019utiliser).<\/p>\n<ul>\n<li>Le lait d\u2019amande douce adoucit et hydrate les cheveux.<\/li>\n<li>L\u2019extrait de pomme d\u00e9barrasse le cuir chevelu des impuret\u00e9s et le r\u00e9oxyg\u00e8ne.<\/li>\n<li>La base lavante \u00e0 la coco combin\u00e9e \u00e0 la glyc\u00e9rine v\u00e9g\u00e9tale apporte de l&rsquo;hydratation, pr\u00e9pare au d\u00e9m\u00ealage et dessine les boucles.<\/li>\n<\/ul>\n","protected":false},"excerpt":{"rendered":"<p>Il nettoie d\u00e9licatement les cheveux des enfants \u00e0 textures et convient aussi aux adultes.<\/p>\n","protected":false},"featured_media":1850,"comment_status":"open","ping_status":"closed","template":"","meta":{"content-type":"","site-sidebar-layout":"default","site-content-layout":"default","ast-site-content-layout":"default","site-content-style":"default","site-sidebar-style":"default","ast-global-header-display":"","ast-banner-title-visibility":"","ast-main-header-display":"","ast-hfb-above-header-display":"","ast-hfb-below-header-display":"","ast-hfb-mobile-header-display":"","site-post-title":"","ast-breadcrumbs-content":"","ast-featured-img":"","footer-sml-layout":"","theme-transparent-header-meta":"","adv-header-id-meta":"","stick-header-meta":"","header-above-stick-meta":"","header-main-stick-meta":"","header-below-stick-meta":"","astra-migrate-meta-layouts":"default","ast-page-background-enabled":"default","ast-page-background-meta":{"desktop":{"background-color":"var(--ast-global-color-4)","background-image":"","background-repeat":"repeat","background-position":"center center","background-size":"auto","background-attachment":"scroll","background-type":"","background-media":"","overlay-type":"","overlay-color":"","overlay-opacity":"","overlay-gradient":""},"tablet":{"background-color":"","background-image":"","background-repeat":"repeat","background-position":"center center","background-size":"auto","background-attachment":"scroll","background-type":"","background-media":"","overlay-type":"","overlay-color":"","overlay-opacity":"","overlay-gradient":""},"mobile":{"background-color":"","background-image":"","background-repeat":"repeat","background-position":"center center","background-size":"auto","background-attachment":"scroll","background-type":"","background-media":"","overlay-type":"","overlay-color":"","overlay-opacity":"","overlay-gradient":""}},"ast-content-background-meta":{"desktop":{"background-color":"var(--ast-global-color-5)","background-image":"","background-repeat":"repeat","background-position":"center center","background-size":"auto","background-attachment":"scroll","background-type":"","background-media":"","overlay-type":"","overlay-color":"","overlay-opacity":"","overlay-gradient":""},"tablet":{"background-color":"var(--ast-global-color-5)","background-image":"","background-repeat":"repeat","background-position":"center center","background-size":"auto","background-attachment":"scroll","background-type":"","background-media":"","overlay-type":"","overlay-color":"","overlay-opacity":"","overlay-gradient":""},"mobile":{"background-color":"var(--ast-global-color-5)","background-image":"","background-repeat":"repeat","background-position":"center center","background-size":"auto","background-attachment":"scroll","background-type":"","background-media":"","overlay-type":"","overlay-color":"","overlay-opacity":"","overlay-gradient":""}}},"product_brand":[],"product_cat":[64],"product_tag":[60],"class_list":{"0":"post-1846","1":"product","2":"type-product","3":"status-publish","4":"has-post-thumbnail","6":"product_cat-les-secrets-de-loly","7":"product_tag-shampoing","8":"desktop-align-left","9":"tablet-align-left","10":"mobile-align-left","12":"first","13":"outofstock","14":"shipping-taxable","15":"purchasable","16":"product-type-simple"},"_links":{"self":[{"href":"https:\/\/lousanches.com\/index.php?rest_route=\/wp\/v2\/product\/1846","targetHints":{"allow":["GET"]}}],"collection":[{"href":"https:\/\/lousanches.com\/index.php?rest_route=\/wp\/v2\/product"}],"about":[{"href":"https:\/\/lousanches.com\/index.php?rest_route=\/wp\/v2\/types\/product"}],"replies":[{"embeddable":true,"href":"https:\/\/lousanches.com\/index.php?rest_route=%2Fwp%2Fv2%2Fcomments&post=1846"}],"wp:featuredmedia":[{"embeddable":true,"href":"https:\/\/lousanches.com\/index.php?rest_route=\/wp\/v2\/media\/1850"}],"wp:attachment":[{"href":"https:\/\/lousanches.com\/index.php?rest_route=%2Fwp%2Fv2%2Fmedia&parent=1846"}],"wp:term":[{"taxonomy":"product_brand","embeddable":true,"href":"https:\/\/lousanches.com\/index.php?rest_route=%2Fwp%2Fv2%2Fproduct_brand&post=1846"},{"taxonomy":"product_cat","embeddable":true,"href":"https:\/\/lousanches.com\/index.php?rest_route=%2Fwp%2Fv2%2Fproduct_cat&post=1846"},{"taxonomy":"product_tag","embeddable":true,"href":"https:\/\/lousanches.com\/index.php?rest_route=%2Fwp%2Fv2%2Fproduct_tag&post=1846"}],"curies":[{"name":"wp","href":"https:\/\/api.w.org\/{rel}","templated":true}]}}