{"id":1716,"date":"2022-02-18T15:13:19","date_gmt":"2022-02-18T14:13:19","guid":{"rendered":"https:\/\/lousanches.com\/?post_type=product&#038;p=1716"},"modified":"2024-08-13T18:41:30","modified_gmt":"2024-08-13T16:41:30","slug":"hair-bb-creme-fortifiante-detoxifiante","status":"publish","type":"product","link":"https:\/\/lousanches.com\/?product=hair-bb-creme-fortifiante-detoxifiante","title":{"rendered":"Hair BB Cr\u00e8me Fortifiante &#038; D\u00e9toxifiante"},"content":{"rendered":"<p>Obtenu \u00e0 partir des jolies fleurs blanches, notre extrait de Moringa poss\u00e8de des propri\u00e9t\u00e9s extraordinaires : il combat le stress des agressions ext\u00e9rieures, d\u00e9tofixie et prot\u00e8ge.<br \/>\nNotre \u00e9mulsion onctueuse contient \u00e9galement une association puissante de 4 huiles (Huiles de Lait de Coco, d&rsquo;Inca Inchi, d&rsquo;Abyssinie et de Souchet) pour hydrater, restructurer, renforcer et illuminer la fibre. Un d\u00e9riv\u00e9 de Cire d&rsquo;Abeille et de la Gomme de Tara compl\u00e8tent cette formule l\u00e9g\u00e8re pour des cheveux doux, souples, l\u00e9gers et plein de vitalit\u00e9. L&rsquo;\u00e9lectricit\u00e9 statique est r\u00e9duite pour un coiffage imm\u00e9diat tr\u00e8s facile. Son action d\u00e9tox anti-pollution permet de capturer et \u00e9liminer les odeurs d\u00e9sagr\u00e9ables. Un produit \u00e0 glisser dans son sac \u00e0 main, pour une retouche \u00e0 tout moment de la journ\u00e9e, sans rin\u00e7age.<\/p>\n<p>Son parfum oriental fleuri : La rondeur de la Vanille et de la Coco s&rsquo;associe parfaitement au Magnolia et \u00e0 la Fleur d&rsquo;Oranger, pour un parfum qui fait voyager.<\/p>\n","protected":false},"excerpt":{"rendered":"<p>Cette formule fortifiante et d\u00e9toxifiante sans rin\u00e7age est compos\u00e9e \u00e0 99% d&rsquo;ingr\u00e9dients d&rsquo;origine naturelle. Pour tous les types de cheveux, elle p\u00e9n\u00e8tre instantan\u00e9ment sans effet gras.<\/p>\n","protected":false},"featured_media":1717,"comment_status":"open","ping_status":"closed","template":"","meta":{"content-type":"","site-sidebar-layout":"default","site-content-layout":"default","ast-site-content-layout":"default","site-content-style":"default","site-sidebar-style":"default","ast-global-header-display":"","ast-banner-title-visibility":"","ast-main-header-display":"","ast-hfb-above-header-display":"","ast-hfb-below-header-display":"","ast-hfb-mobile-header-display":"","site-post-title":"","ast-breadcrumbs-content":"","ast-featured-img":"","footer-sml-layout":"","theme-transparent-header-meta":"","adv-header-id-meta":"","stick-header-meta":"","header-above-stick-meta":"","header-main-stick-meta":"","header-below-stick-meta":"","astra-migrate-meta-layouts":"default","ast-page-background-enabled":"default","ast-page-background-meta":{"desktop":{"background-color":"var(--ast-global-color-4)","background-image":"","background-repeat":"repeat","background-position":"center center","background-size":"auto","background-attachment":"scroll","background-type":"","background-media":"","overlay-type":"","overlay-color":"","overlay-opacity":"","overlay-gradient":""},"tablet":{"background-color":"","background-image":"","background-repeat":"repeat","background-position":"center center","background-size":"auto","background-attachment":"scroll","background-type":"","background-media":"","overlay-type":"","overlay-color":"","overlay-opacity":"","overlay-gradient":""},"mobile":{"background-color":"","background-image":"","background-repeat":"repeat","background-position":"center center","background-size":"auto","background-attachment":"scroll","background-type":"","background-media":"","overlay-type":"","overlay-color":"","overlay-opacity":"","overlay-gradient":""}},"ast-content-background-meta":{"desktop":{"background-color":"var(--ast-global-color-5)","background-image":"","background-repeat":"repeat","background-position":"center center","background-size":"auto","background-attachment":"scroll","background-type":"","background-media":"","overlay-type":"","overlay-color":"","overlay-opacity":"","overlay-gradient":""},"tablet":{"background-color":"var(--ast-global-color-5)","background-image":"","background-repeat":"repeat","background-position":"center center","background-size":"auto","background-attachment":"scroll","background-type":"","background-media":"","overlay-type":"","overlay-color":"","overlay-opacity":"","overlay-gradient":""},"mobile":{"background-color":"var(--ast-global-color-5)","background-image":"","background-repeat":"repeat","background-position":"center center","background-size":"auto","background-attachment":"scroll","background-type":"","background-media":"","overlay-type":"","overlay-color":"","overlay-opacity":"","overlay-gradient":""}}},"product_brand":[],"product_cat":[56],"product_tag":[61],"class_list":{"0":"post-1716","1":"product","2":"type-product","3":"status-publish","4":"has-post-thumbnail","6":"product_cat-sublimo","7":"product_tag-soins","8":"desktop-align-left","9":"tablet-align-left","10":"mobile-align-left","12":"first","13":"outofstock","14":"shipping-taxable","15":"product-type-variable"},"_links":{"self":[{"href":"https:\/\/lousanches.com\/index.php?rest_route=\/wp\/v2\/product\/1716","targetHints":{"allow":["GET"]}}],"collection":[{"href":"https:\/\/lousanches.com\/index.php?rest_route=\/wp\/v2\/product"}],"about":[{"href":"https:\/\/lousanches.com\/index.php?rest_route=\/wp\/v2\/types\/product"}],"replies":[{"embeddable":true,"href":"https:\/\/lousanches.com\/index.php?rest_route=%2Fwp%2Fv2%2Fcomments&post=1716"}],"wp:featuredmedia":[{"embeddable":true,"href":"https:\/\/lousanches.com\/index.php?rest_route=\/wp\/v2\/media\/1717"}],"wp:attachment":[{"href":"https:\/\/lousanches.com\/index.php?rest_route=%2Fwp%2Fv2%2Fmedia&parent=1716"}],"wp:term":[{"taxonomy":"product_brand","embeddable":true,"href":"https:\/\/lousanches.com\/index.php?rest_route=%2Fwp%2Fv2%2Fproduct_brand&post=1716"},{"taxonomy":"product_cat","embeddable":true,"href":"https:\/\/lousanches.com\/index.php?rest_route=%2Fwp%2Fv2%2Fproduct_cat&post=1716"},{"taxonomy":"product_tag","embeddable":true,"href":"https:\/\/lousanches.com\/index.php?rest_route=%2Fwp%2Fv2%2Fproduct_tag&post=1716"}],"curies":[{"name":"wp","href":"https:\/\/api.w.org\/{rel}","templated":true}]}}