{"id":1705,"date":"2022-02-18T14:27:25","date_gmt":"2022-02-18T13:27:25","guid":{"rendered":"https:\/\/lousanches.com\/?post_type=product&#038;p=1705"},"modified":"2024-08-13T18:41:28","modified_gmt":"2024-08-13T16:41:28","slug":"soin-profond-nutrition-intensive-hibiscus-rouge-cheveux-tres-secs","status":"publish","type":"product","link":"https:\/\/lousanches.com\/?product=soin-profond-nutrition-intensive-hibiscus-rouge-cheveux-tres-secs","title":{"rendered":"Soin Profond Nutrition Intensive Hibiscus Rouge Cheveux tr\u00e8s secs"},"content":{"rendered":"<p>Obtenu \u00e0 partir des calices de la fleur, notre extrait d&rsquo;Hibiscus est issu de l&rsquo;agriculture biologique \u00e9gyptienne. Tr\u00e8s fondante et hautement p\u00e9n\u00e9trante, cette cr\u00e8me va nourrir en profondeur et durablement la chevelure gr\u00e2ce aux Huiles de Lait de Coco et de Macadamia. Un d\u00e9riv\u00e9 de Sucre associ\u00e9 \u00e0 un complexe issu de Plantes compl\u00e8te cette formule qui prot\u00e8ge et fortifie la fibre : elle retrouve toute sa mati\u00e8re.<\/p>\n<p>Son parfum fleuri musqu\u00e9 : Sur un fond de santal Vanill\u00e9 et Musqu\u00e9, les parfums de Jasmin et de Cassis s&rsquo;entrem\u00ealent pour des notes enveloppantes.<\/p>\n","protected":false},"excerpt":{"rendered":"<p><strong>Ultra plaisir, notre cr\u00e8me onctueuse est compos\u00e9e \u00e0 96% d&rsquo;ingr\u00e9dients d&rsquo;origine naturelle.<\/strong><\/p>\n","protected":false},"featured_media":1706,"comment_status":"open","ping_status":"closed","template":"","meta":{"content-type":"","site-sidebar-layout":"default","site-content-layout":"default","ast-site-content-layout":"default","site-content-style":"default","site-sidebar-style":"default","ast-global-header-display":"","ast-banner-title-visibility":"","ast-main-header-display":"","ast-hfb-above-header-display":"","ast-hfb-below-header-display":"","ast-hfb-mobile-header-display":"","site-post-title":"","ast-breadcrumbs-content":"","ast-featured-img":"","footer-sml-layout":"","theme-transparent-header-meta":"","adv-header-id-meta":"","stick-header-meta":"","header-above-stick-meta":"","header-main-stick-meta":"","header-below-stick-meta":"","astra-migrate-meta-layouts":"default","ast-page-background-enabled":"default","ast-page-background-meta":{"desktop":{"background-color":"var(--ast-global-color-4)","background-image":"","background-repeat":"repeat","background-position":"center center","background-size":"auto","background-attachment":"scroll","background-type":"","background-media":"","overlay-type":"","overlay-color":"","overlay-opacity":"","overlay-gradient":""},"tablet":{"background-color":"","background-image":"","background-repeat":"repeat","background-position":"center center","background-size":"auto","background-attachment":"scroll","background-type":"","background-media":"","overlay-type":"","overlay-color":"","overlay-opacity":"","overlay-gradient":""},"mobile":{"background-color":"","background-image":"","background-repeat":"repeat","background-position":"center center","background-size":"auto","background-attachment":"scroll","background-type":"","background-media":"","overlay-type":"","overlay-color":"","overlay-opacity":"","overlay-gradient":""}},"ast-content-background-meta":{"desktop":{"background-color":"var(--ast-global-color-5)","background-image":"","background-repeat":"repeat","background-position":"center center","background-size":"auto","background-attachment":"scroll","background-type":"","background-media":"","overlay-type":"","overlay-color":"","overlay-opacity":"","overlay-gradient":""},"tablet":{"background-color":"var(--ast-global-color-5)","background-image":"","background-repeat":"repeat","background-position":"center center","background-size":"auto","background-attachment":"scroll","background-type":"","background-media":"","overlay-type":"","overlay-color":"","overlay-opacity":"","overlay-gradient":""},"mobile":{"background-color":"var(--ast-global-color-5)","background-image":"","background-repeat":"repeat","background-position":"center center","background-size":"auto","background-attachment":"scroll","background-type":"","background-media":"","overlay-type":"","overlay-color":"","overlay-opacity":"","overlay-gradient":""}}},"product_brand":[],"product_cat":[56],"product_tag":[61],"class_list":{"0":"post-1705","1":"product","2":"type-product","3":"status-publish","4":"has-post-thumbnail","6":"product_cat-sublimo","7":"product_tag-soins","8":"desktop-align-left","9":"tablet-align-left","10":"mobile-align-left","12":"first","13":"outofstock","14":"shipping-taxable","15":"purchasable","16":"product-type-simple"},"_links":{"self":[{"href":"https:\/\/lousanches.com\/index.php?rest_route=\/wp\/v2\/product\/1705","targetHints":{"allow":["GET"]}}],"collection":[{"href":"https:\/\/lousanches.com\/index.php?rest_route=\/wp\/v2\/product"}],"about":[{"href":"https:\/\/lousanches.com\/index.php?rest_route=\/wp\/v2\/types\/product"}],"replies":[{"embeddable":true,"href":"https:\/\/lousanches.com\/index.php?rest_route=%2Fwp%2Fv2%2Fcomments&post=1705"}],"wp:featuredmedia":[{"embeddable":true,"href":"https:\/\/lousanches.com\/index.php?rest_route=\/wp\/v2\/media\/1706"}],"wp:attachment":[{"href":"https:\/\/lousanches.com\/index.php?rest_route=%2Fwp%2Fv2%2Fmedia&parent=1705"}],"wp:term":[{"taxonomy":"product_brand","embeddable":true,"href":"https:\/\/lousanches.com\/index.php?rest_route=%2Fwp%2Fv2%2Fproduct_brand&post=1705"},{"taxonomy":"product_cat","embeddable":true,"href":"https:\/\/lousanches.com\/index.php?rest_route=%2Fwp%2Fv2%2Fproduct_cat&post=1705"},{"taxonomy":"product_tag","embeddable":true,"href":"https:\/\/lousanches.com\/index.php?rest_route=%2Fwp%2Fv2%2Fproduct_tag&post=1705"}],"curies":[{"name":"wp","href":"https:\/\/api.w.org\/{rel}","templated":true}]}}