{"id":1682,"date":"2022-02-18T11:31:52","date_gmt":"2022-02-18T10:31:52","guid":{"rendered":"https:\/\/lousanches.com\/?post_type=product&#038;p=1682"},"modified":"2024-08-13T18:41:30","modified_gmt":"2024-08-13T16:41:30","slug":"shampooing-douceur-hydratation-fleur-de-bleuet","status":"publish","type":"product","link":"https:\/\/lousanches.com\/?product=shampooing-douceur-hydratation-fleur-de-bleuet","title":{"rendered":"Shampooing Douceur &#038; Hydratation Fleur de Bleuet"},"content":{"rendered":"<p>L&rsquo;extrait de Bleuet provient de ses jolies fleurs bleues tr\u00e8s r\u00e9sistantes.<br \/>\nCette formule est parfaite pour entretenir de belles chevelures blanches, blondes tr\u00e8s claires ou grises, en r\u00e9duisant les faux reflets jaunes. Un \u00e9mollient issu de la Coco est associ\u00e9 \u00e0 un d\u00e9riv\u00e9 de sucre pour apporter hydratation, douceur et brillance \u00e0 ces cheveux parfois sensibilis\u00e9s ou poreux.<\/p>\n<p>Son parfum floral fruit\u00e9 : La douceur du Jasmin, de la Rose et de la Violette est contrebalanc\u00e9e par la gourmandise de la P\u00eache et de l&rsquo;Ananas dans un parfum sensuel.<\/p>\n","protected":false},"excerpt":{"rendered":"<p><strong>Ce shampooing tr\u00e8s doux sans sulfate est id\u00e9al pour les cheveux normaux de l&rsquo;ensemble de la famille, d\u00e8s 3 ans, avec sa composition \u00e0 93% d&rsquo;origine naturelle.<\/strong><\/p>\n","protected":false},"featured_media":1683,"comment_status":"open","ping_status":"closed","template":"","meta":{"content-type":"","site-sidebar-layout":"default","site-content-layout":"default","ast-site-content-layout":"default","site-content-style":"default","site-sidebar-style":"default","ast-global-header-display":"","ast-banner-title-visibility":"","ast-main-header-display":"","ast-hfb-above-header-display":"","ast-hfb-below-header-display":"","ast-hfb-mobile-header-display":"","site-post-title":"","ast-breadcrumbs-content":"","ast-featured-img":"","footer-sml-layout":"","theme-transparent-header-meta":"","adv-header-id-meta":"","stick-header-meta":"","header-above-stick-meta":"","header-main-stick-meta":"","header-below-stick-meta":"","astra-migrate-meta-layouts":"default","ast-page-background-enabled":"default","ast-page-background-meta":{"desktop":{"background-color":"var(--ast-global-color-4)","background-image":"","background-repeat":"repeat","background-position":"center center","background-size":"auto","background-attachment":"scroll","background-type":"","background-media":"","overlay-type":"","overlay-color":"","overlay-opacity":"","overlay-gradient":""},"tablet":{"background-color":"","background-image":"","background-repeat":"repeat","background-position":"center center","background-size":"auto","background-attachment":"scroll","background-type":"","background-media":"","overlay-type":"","overlay-color":"","overlay-opacity":"","overlay-gradient":""},"mobile":{"background-color":"","background-image":"","background-repeat":"repeat","background-position":"center center","background-size":"auto","background-attachment":"scroll","background-type":"","background-media":"","overlay-type":"","overlay-color":"","overlay-opacity":"","overlay-gradient":""}},"ast-content-background-meta":{"desktop":{"background-color":"var(--ast-global-color-5)","background-image":"","background-repeat":"repeat","background-position":"center center","background-size":"auto","background-attachment":"scroll","background-type":"","background-media":"","overlay-type":"","overlay-color":"","overlay-opacity":"","overlay-gradient":""},"tablet":{"background-color":"var(--ast-global-color-5)","background-image":"","background-repeat":"repeat","background-position":"center center","background-size":"auto","background-attachment":"scroll","background-type":"","background-media":"","overlay-type":"","overlay-color":"","overlay-opacity":"","overlay-gradient":""},"mobile":{"background-color":"var(--ast-global-color-5)","background-image":"","background-repeat":"repeat","background-position":"center center","background-size":"auto","background-attachment":"scroll","background-type":"","background-media":"","overlay-type":"","overlay-color":"","overlay-opacity":"","overlay-gradient":""}}},"product_brand":[],"product_cat":[56],"product_tag":[60],"class_list":{"0":"post-1682","1":"product","2":"type-product","3":"status-publish","4":"has-post-thumbnail","6":"product_cat-sublimo","7":"product_tag-shampoing","8":"desktop-align-left","9":"tablet-align-left","10":"mobile-align-left","12":"first","13":"outofstock","14":"shipping-taxable","15":"purchasable","16":"product-type-simple"},"_links":{"self":[{"href":"https:\/\/lousanches.com\/index.php?rest_route=\/wp\/v2\/product\/1682","targetHints":{"allow":["GET"]}}],"collection":[{"href":"https:\/\/lousanches.com\/index.php?rest_route=\/wp\/v2\/product"}],"about":[{"href":"https:\/\/lousanches.com\/index.php?rest_route=\/wp\/v2\/types\/product"}],"replies":[{"embeddable":true,"href":"https:\/\/lousanches.com\/index.php?rest_route=%2Fwp%2Fv2%2Fcomments&post=1682"}],"wp:featuredmedia":[{"embeddable":true,"href":"https:\/\/lousanches.com\/index.php?rest_route=\/wp\/v2\/media\/1683"}],"wp:attachment":[{"href":"https:\/\/lousanches.com\/index.php?rest_route=%2Fwp%2Fv2%2Fmedia&parent=1682"}],"wp:term":[{"taxonomy":"product_brand","embeddable":true,"href":"https:\/\/lousanches.com\/index.php?rest_route=%2Fwp%2Fv2%2Fproduct_brand&post=1682"},{"taxonomy":"product_cat","embeddable":true,"href":"https:\/\/lousanches.com\/index.php?rest_route=%2Fwp%2Fv2%2Fproduct_cat&post=1682"},{"taxonomy":"product_tag","embeddable":true,"href":"https:\/\/lousanches.com\/index.php?rest_route=%2Fwp%2Fv2%2Fproduct_tag&post=1682"}],"curies":[{"name":"wp","href":"https:\/\/api.w.org\/{rel}","templated":true}]}}