{"id":1602,"date":"2022-01-24T15:18:22","date_gmt":"2022-01-24T14:18:22","guid":{"rendered":"https:\/\/lousanches.com\/?post_type=product&#038;p=1602"},"modified":"2022-03-28T12:14:16","modified_gmt":"2022-03-28T10:14:16","slug":"n5-apres-shampoing-bond-maintenance","status":"publish","type":"product","link":"https:\/\/lousanches.com\/?product=n5-apres-shampoing-bond-maintenance","title":{"rendered":"N\u00b05 Apr\u00e8s-Shampoing Bond Maintenance"},"content":{"rendered":"<p>Apr\u00e8s-shampoing 250ml<\/p>\n<p><strong>Conseils d&rsquo;utilisation :<\/strong><\/p>\n<div id=\"product-info\" class=\"product-info product-accordion product-info-tabs\">\n<div class=\"tabs-content\" data-tabs-content=\"4si8jh-responsiveaccordiontabs\">\n<div id=\"a63hxq-accordion\" class=\"tabs-panel is-active\" role=\"tabpanel\" data-tab-content=\"\" aria-labelledby=\"a63hxq-accordion-label\">\n<ul>\n<li>Apr\u00e8s avoir utilis\u00e9 le shampooing Bond Maintenance n\u00b04, appliquer l&rsquo;apr\u00e8s-shampooing Bond Maintenance n\u00b05 sur cheveux pr\u00e9alablement lav\u00e9s et essor\u00e9s.<\/li>\n<li>R\u00e9partir g\u00e9n\u00e9reusement des longueurs jusqu&rsquo;aux pointes.<\/li>\n<li>Laisser agir 3 minutes, puis rincer abondamment.<\/li>\n<\/ul>\n<\/div>\n<\/div>\n<\/div>\n<div class=\"routine-wrapper\" data-pid=\"455724\"><\/div>\n","protected":false},"excerpt":{"rendered":"<p>Cinqui\u00e8me \u00e9tape du protocole Olaplex. Il aide \u00e0 restaurer les ponts sans alourdir la chevelure. L&rsquo;apr\u00e8s-shampoing Bond Maintenance n\u00b05 est formul\u00e9 avec la technologie brevet\u00e9e reconstructrice de ponts Olaplex. Il permet d&rsquo;aider \u00e0 restaurer, r\u00e9parer et hydrater les cheveux, sans les alourdir. Il \u00e9limine les frisottis et r\u00e9pare les cheveux endommag\u00e9s pour des cheveux forts et brillants.<br \/>\nIl redonne force, hydratation et brillance aux cheveux qui ont suivi des services techniques de coloration ou d\u00e9coloration.<\/p>\n","protected":false},"featured_media":1603,"comment_status":"open","ping_status":"closed","template":"","meta":{"content-type":"","site-sidebar-layout":"default","site-content-layout":"default","ast-site-content-layout":"default","site-content-style":"default","site-sidebar-style":"default","ast-global-header-display":"","ast-banner-title-visibility":"","ast-main-header-display":"","ast-hfb-above-header-display":"","ast-hfb-below-header-display":"","ast-hfb-mobile-header-display":"","site-post-title":"","ast-breadcrumbs-content":"","ast-featured-img":"","footer-sml-layout":"","theme-transparent-header-meta":"","adv-header-id-meta":"","stick-header-meta":"","header-above-stick-meta":"","header-main-stick-meta":"","header-below-stick-meta":"","astra-migrate-meta-layouts":"default","ast-page-background-enabled":"default","ast-page-background-meta":{"desktop":{"background-color":"var(--ast-global-color-4)","background-image":"","background-repeat":"repeat","background-position":"center center","background-size":"auto","background-attachment":"scroll","background-type":"","background-media":"","overlay-type":"","overlay-color":"","overlay-opacity":"","overlay-gradient":""},"tablet":{"background-color":"","background-image":"","background-repeat":"repeat","background-position":"center center","background-size":"auto","background-attachment":"scroll","background-type":"","background-media":"","overlay-type":"","overlay-color":"","overlay-opacity":"","overlay-gradient":""},"mobile":{"background-color":"","background-image":"","background-repeat":"repeat","background-position":"center center","background-size":"auto","background-attachment":"scroll","background-type":"","background-media":"","overlay-type":"","overlay-color":"","overlay-opacity":"","overlay-gradient":""}},"ast-content-background-meta":{"desktop":{"background-color":"var(--ast-global-color-5)","background-image":"","background-repeat":"repeat","background-position":"center center","background-size":"auto","background-attachment":"scroll","background-type":"","background-media":"","overlay-type":"","overlay-color":"","overlay-opacity":"","overlay-gradient":""},"tablet":{"background-color":"var(--ast-global-color-5)","background-image":"","background-repeat":"repeat","background-position":"center center","background-size":"auto","background-attachment":"scroll","background-type":"","background-media":"","overlay-type":"","overlay-color":"","overlay-opacity":"","overlay-gradient":""},"mobile":{"background-color":"var(--ast-global-color-5)","background-image":"","background-repeat":"repeat","background-position":"center center","background-size":"auto","background-attachment":"scroll","background-type":"","background-media":"","overlay-type":"","overlay-color":"","overlay-opacity":"","overlay-gradient":""}}},"product_brand":[],"product_cat":[63],"product_tag":[57],"class_list":{"0":"post-1602","1":"product","2":"type-product","3":"status-publish","4":"has-post-thumbnail","6":"product_cat-olaplex","7":"product_tag-conditionner","8":"desktop-align-left","9":"tablet-align-left","10":"mobile-align-left","12":"first","13":"instock","14":"shipping-taxable","15":"purchasable","16":"product-type-simple"},"_links":{"self":[{"href":"https:\/\/lousanches.com\/index.php?rest_route=\/wp\/v2\/product\/1602","targetHints":{"allow":["GET"]}}],"collection":[{"href":"https:\/\/lousanches.com\/index.php?rest_route=\/wp\/v2\/product"}],"about":[{"href":"https:\/\/lousanches.com\/index.php?rest_route=\/wp\/v2\/types\/product"}],"replies":[{"embeddable":true,"href":"https:\/\/lousanches.com\/index.php?rest_route=%2Fwp%2Fv2%2Fcomments&post=1602"}],"wp:featuredmedia":[{"embeddable":true,"href":"https:\/\/lousanches.com\/index.php?rest_route=\/wp\/v2\/media\/1603"}],"wp:attachment":[{"href":"https:\/\/lousanches.com\/index.php?rest_route=%2Fwp%2Fv2%2Fmedia&parent=1602"}],"wp:term":[{"taxonomy":"product_brand","embeddable":true,"href":"https:\/\/lousanches.com\/index.php?rest_route=%2Fwp%2Fv2%2Fproduct_brand&post=1602"},{"taxonomy":"product_cat","embeddable":true,"href":"https:\/\/lousanches.com\/index.php?rest_route=%2Fwp%2Fv2%2Fproduct_cat&post=1602"},{"taxonomy":"product_tag","embeddable":true,"href":"https:\/\/lousanches.com\/index.php?rest_route=%2Fwp%2Fv2%2Fproduct_tag&post=1602"}],"curies":[{"name":"wp","href":"https:\/\/api.w.org\/{rel}","templated":true}]}}