{"id":1427,"date":"2021-12-16T12:44:08","date_gmt":"2021-12-16T11:44:08","guid":{"rendered":"https:\/\/lousanches.com\/?post_type=product&#038;p=1427"},"modified":"2022-03-28T14:34:23","modified_gmt":"2022-03-28T12:34:23","slug":"armonia-shampoing","status":"publish","type":"product","link":"https:\/\/lousanches.com\/?product=armonia-shampoing","title":{"rendered":"Armonia Shampoing Nashi"},"content":{"rendered":"","protected":false},"excerpt":{"rendered":"<p><em>250ml<\/em><\/p>\n<p><strong>Purifiez et prot\u00e9gez votre cuir chevelu !<\/strong><\/p>\n<p>Armonia est un shampooing dermo-\u00e9quilibrant sp\u00e9cialement con\u00e7u pour tous les types de cuir chevelu. Gr\u00e2ce \u00e0 une action purifiante sp\u00e9cifique, il nettoie et \u00e9limine les impuret\u00e9s, en donnant une agr\u00e9able sensation de nettoyage et de fra\u00eecheur.<\/p>\n","protected":false},"featured_media":1405,"comment_status":"open","ping_status":"closed","template":"","meta":{"content-type":"","site-sidebar-layout":"default","site-content-layout":"default","ast-site-content-layout":"default","site-content-style":"default","site-sidebar-style":"default","ast-global-header-display":"","ast-banner-title-visibility":"","ast-main-header-display":"","ast-hfb-above-header-display":"","ast-hfb-below-header-display":"","ast-hfb-mobile-header-display":"","site-post-title":"","ast-breadcrumbs-content":"","ast-featured-img":"","footer-sml-layout":"","theme-transparent-header-meta":"default","adv-header-id-meta":"","stick-header-meta":"","header-above-stick-meta":"","header-main-stick-meta":"","header-below-stick-meta":"","astra-migrate-meta-layouts":"default","ast-page-background-enabled":"default","ast-page-background-meta":{"desktop":{"background-color":"var(--ast-global-color-4)","background-image":"","background-repeat":"repeat","background-position":"center center","background-size":"auto","background-attachment":"scroll","background-type":"","background-media":"","overlay-type":"","overlay-color":"","overlay-opacity":"","overlay-gradient":""},"tablet":{"background-color":"","background-image":"","background-repeat":"repeat","background-position":"center center","background-size":"auto","background-attachment":"scroll","background-type":"","background-media":"","overlay-type":"","overlay-color":"","overlay-opacity":"","overlay-gradient":""},"mobile":{"background-color":"","background-image":"","background-repeat":"repeat","background-position":"center center","background-size":"auto","background-attachment":"scroll","background-type":"","background-media":"","overlay-type":"","overlay-color":"","overlay-opacity":"","overlay-gradient":""}},"ast-content-background-meta":{"desktop":{"background-color":"var(--ast-global-color-5)","background-image":"","background-repeat":"repeat","background-position":"center center","background-size":"auto","background-attachment":"scroll","background-type":"","background-media":"","overlay-type":"","overlay-color":"","overlay-opacity":"","overlay-gradient":""},"tablet":{"background-color":"var(--ast-global-color-5)","background-image":"","background-repeat":"repeat","background-position":"center center","background-size":"auto","background-attachment":"scroll","background-type":"","background-media":"","overlay-type":"","overlay-color":"","overlay-opacity":"","overlay-gradient":""},"mobile":{"background-color":"var(--ast-global-color-5)","background-image":"","background-repeat":"repeat","background-position":"center center","background-size":"auto","background-attachment":"scroll","background-type":"","background-media":"","overlay-type":"","overlay-color":"","overlay-opacity":"","overlay-gradient":""}}},"product_brand":[],"product_cat":[62],"product_tag":[60],"class_list":{"0":"post-1427","1":"product","2":"type-product","3":"status-publish","4":"has-post-thumbnail","6":"product_cat-nashi","7":"product_tag-shampoing","8":"desktop-align-left","9":"tablet-align-left","10":"mobile-align-left","12":"first","13":"instock","14":"shipping-taxable","15":"purchasable","16":"product-type-simple"},"_links":{"self":[{"href":"https:\/\/lousanches.com\/index.php?rest_route=\/wp\/v2\/product\/1427","targetHints":{"allow":["GET"]}}],"collection":[{"href":"https:\/\/lousanches.com\/index.php?rest_route=\/wp\/v2\/product"}],"about":[{"href":"https:\/\/lousanches.com\/index.php?rest_route=\/wp\/v2\/types\/product"}],"replies":[{"embeddable":true,"href":"https:\/\/lousanches.com\/index.php?rest_route=%2Fwp%2Fv2%2Fcomments&post=1427"}],"wp:featuredmedia":[{"embeddable":true,"href":"https:\/\/lousanches.com\/index.php?rest_route=\/wp\/v2\/media\/1405"}],"wp:attachment":[{"href":"https:\/\/lousanches.com\/index.php?rest_route=%2Fwp%2Fv2%2Fmedia&parent=1427"}],"wp:term":[{"taxonomy":"product_brand","embeddable":true,"href":"https:\/\/lousanches.com\/index.php?rest_route=%2Fwp%2Fv2%2Fproduct_brand&post=1427"},{"taxonomy":"product_cat","embeddable":true,"href":"https:\/\/lousanches.com\/index.php?rest_route=%2Fwp%2Fv2%2Fproduct_cat&post=1427"},{"taxonomy":"product_tag","embeddable":true,"href":"https:\/\/lousanches.com\/index.php?rest_route=%2Fwp%2Fv2%2Fproduct_tag&post=1427"}],"curies":[{"name":"wp","href":"https:\/\/api.w.org\/{rel}","templated":true}]}}