{"id":1425,"date":"2021-12-16T12:39:46","date_gmt":"2021-12-16T11:39:46","guid":{"rendered":"https:\/\/lousanches.com\/?post_type=product&#038;p=1425"},"modified":"2022-03-28T14:36:11","modified_gmt":"2022-03-28T12:36:11","slug":"parfum-nashi-argan","status":"publish","type":"product","link":"https:\/\/lousanches.com\/?product=parfum-nashi-argan","title":{"rendered":"Parfum Nashi Argan"},"content":{"rendered":"","protected":false},"excerpt":{"rendered":"<p><em>25ml<\/em><\/p>\n<p><strong>La premi\u00e8re eau de parfum de Nashi Argan<\/strong><\/p>\n<p>L&rsquo;ADN de Nashi Argan distill\u00e9 et mis en bouteille dans une essence s\u00e9duisante, \u00e9l\u00e9gante et myst\u00e9rieuse qui valorise l&rsquo;estime de soi et capte l&rsquo;\u00e9motion. Demand\u00e9 par les #NashiLovers, le parfum r\u00e9\u00e9labore les \u00e9l\u00e9ments de signature de la marque : il s&rsquo;ouvre sur des notes fruit\u00e9es intenses, suivies d&rsquo;un c\u0153ur fleuri o\u00f9 le jasmin, la Rosa Centifolia et l&rsquo;Ylang Ylang sont tiss\u00e9s ensemble pour fa\u00e7onner une sensualit\u00e9 \u00e9ternelle. Mais l'\u00a0\u00bbessence\u00a0\u00bb Nashi Argan culmine dans la chaleur enveloppante donn\u00e9e par l&rsquo;argan, le bois de santal, l&rsquo;ambre et la vanille !<\/p>\n","protected":false},"featured_media":1426,"comment_status":"open","ping_status":"closed","template":"","meta":{"content-type":"","site-sidebar-layout":"default","site-content-layout":"default","ast-site-content-layout":"default","site-content-style":"default","site-sidebar-style":"default","ast-global-header-display":"","ast-banner-title-visibility":"","ast-main-header-display":"","ast-hfb-above-header-display":"","ast-hfb-below-header-display":"","ast-hfb-mobile-header-display":"","site-post-title":"","ast-breadcrumbs-content":"","ast-featured-img":"","footer-sml-layout":"","theme-transparent-header-meta":"default","adv-header-id-meta":"","stick-header-meta":"","header-above-stick-meta":"","header-main-stick-meta":"","header-below-stick-meta":"","astra-migrate-meta-layouts":"default","ast-page-background-enabled":"default","ast-page-background-meta":{"desktop":{"background-color":"var(--ast-global-color-4)","background-image":"","background-repeat":"repeat","background-position":"center center","background-size":"auto","background-attachment":"scroll","background-type":"","background-media":"","overlay-type":"","overlay-color":"","overlay-opacity":"","overlay-gradient":""},"tablet":{"background-color":"","background-image":"","background-repeat":"repeat","background-position":"center center","background-size":"auto","background-attachment":"scroll","background-type":"","background-media":"","overlay-type":"","overlay-color":"","overlay-opacity":"","overlay-gradient":""},"mobile":{"background-color":"","background-image":"","background-repeat":"repeat","background-position":"center center","background-size":"auto","background-attachment":"scroll","background-type":"","background-media":"","overlay-type":"","overlay-color":"","overlay-opacity":"","overlay-gradient":""}},"ast-content-background-meta":{"desktop":{"background-color":"var(--ast-global-color-5)","background-image":"","background-repeat":"repeat","background-position":"center center","background-size":"auto","background-attachment":"scroll","background-type":"","background-media":"","overlay-type":"","overlay-color":"","overlay-opacity":"","overlay-gradient":""},"tablet":{"background-color":"var(--ast-global-color-5)","background-image":"","background-repeat":"repeat","background-position":"center center","background-size":"auto","background-attachment":"scroll","background-type":"","background-media":"","overlay-type":"","overlay-color":"","overlay-opacity":"","overlay-gradient":""},"mobile":{"background-color":"var(--ast-global-color-5)","background-image":"","background-repeat":"repeat","background-position":"center center","background-size":"auto","background-attachment":"scroll","background-type":"","background-media":"","overlay-type":"","overlay-color":"","overlay-opacity":"","overlay-gradient":""}}},"product_brand":[],"product_cat":[62],"product_tag":[61],"class_list":{"0":"post-1425","1":"product","2":"type-product","3":"status-publish","4":"has-post-thumbnail","6":"product_cat-nashi","7":"product_tag-soins","8":"desktop-align-left","9":"tablet-align-left","10":"mobile-align-left","12":"first","13":"instock","14":"shipping-taxable","15":"purchasable","16":"product-type-simple"},"_links":{"self":[{"href":"https:\/\/lousanches.com\/index.php?rest_route=\/wp\/v2\/product\/1425","targetHints":{"allow":["GET"]}}],"collection":[{"href":"https:\/\/lousanches.com\/index.php?rest_route=\/wp\/v2\/product"}],"about":[{"href":"https:\/\/lousanches.com\/index.php?rest_route=\/wp\/v2\/types\/product"}],"replies":[{"embeddable":true,"href":"https:\/\/lousanches.com\/index.php?rest_route=%2Fwp%2Fv2%2Fcomments&post=1425"}],"wp:featuredmedia":[{"embeddable":true,"href":"https:\/\/lousanches.com\/index.php?rest_route=\/wp\/v2\/media\/1426"}],"wp:attachment":[{"href":"https:\/\/lousanches.com\/index.php?rest_route=%2Fwp%2Fv2%2Fmedia&parent=1425"}],"wp:term":[{"taxonomy":"product_brand","embeddable":true,"href":"https:\/\/lousanches.com\/index.php?rest_route=%2Fwp%2Fv2%2Fproduct_brand&post=1425"},{"taxonomy":"product_cat","embeddable":true,"href":"https:\/\/lousanches.com\/index.php?rest_route=%2Fwp%2Fv2%2Fproduct_cat&post=1425"},{"taxonomy":"product_tag","embeddable":true,"href":"https:\/\/lousanches.com\/index.php?rest_route=%2Fwp%2Fv2%2Fproduct_tag&post=1425"}],"curies":[{"name":"wp","href":"https:\/\/api.w.org\/{rel}","templated":true}]}}